{"id":881,"date":"2016-04-23T08:19:06","date_gmt":"2016-04-23T08:19:06","guid":{"rendered":"http:\/\/idigstories.eu\/?page_id=881&#038;lang=hu"},"modified":"2016-04-23T10:15:13","modified_gmt":"2016-04-23T10:15:13","slug":"project2","status":"publish","type":"page","link":"https:\/\/idigstories.eu\/pl\/project2\/","title":{"rendered":"Project"},"content":{"rendered":"<p>[et_pb_section admin_label=&#8221;section&#8221; fullwidth=&#8221;on&#8221; specialty=&#8221;off&#8221; inner_shadow=&#8221;off&#8221; parallax=&#8221;off&#8221; background_color=&#8221;#ffffff&#8221; transparent_background=&#8221;off&#8221; allow_player_pause=&#8221;off&#8221; parallax_method=&#8221;off&#8221; padding_mobile=&#8221;off&#8221; make_fullwidth=&#8221;off&#8221; use_custom_width=&#8221;off&#8221; width_unit=&#8221;on&#8221; make_equal=&#8221;off&#8221; use_custom_gutter=&#8221;off&#8221; gutter_width=&#8221;3&#8243;][et_pb_fullwidth_header admin_label=&#8221;Fullwidth Header&#8221; title=&#8221;Project&#8221; background_layout=&#8221;light&#8221; text_orientation=&#8221;left&#8221; header_fullscreen=&#8221;off&#8221; header_scroll_down=&#8221;off&#8221; parallax=&#8221;off&#8221; parallax_method=&#8221;off&#8221; content_orientation=&#8221;center&#8221; image_orientation=&#8221;center&#8221; custom_button_one=&#8221;off&#8221; button_one_text_size=&#8221;20&#8243; button_one_border_width=&#8221;2&#8243; button_one_border_radius=&#8221;3&#8243; button_one_letter_spacing=&#8221;0&#8243; button_one_use_icon=&#8221;default&#8221; button_one_icon_placement=&#8221;right&#8221; button_one_on_hover=&#8221;on&#8221; button_one_border_radius_hover=&#8221;3&#8243; button_one_letter_spacing_hover=&#8221;0&#8243; custom_button_two=&#8221;off&#8221; button_two_text_size=&#8221;20&#8243; button_two_border_width=&#8221;2&#8243; button_two_border_radius=&#8221;3&#8243; button_two_letter_spacing=&#8221;0&#8243; button_two_use_icon=&#8221;default&#8221; button_two_icon_placement=&#8221;right&#8221; button_two_on_hover=&#8221;on&#8221; button_two_border_radius_hover=&#8221;3&#8243; button_two_letter_spacing_hover=&#8221;0&#8243; background_color=&#8221;#e1dd52&#8243; subhead=&#8221;I dig stories \u2013 Stories Educational Learning Facilities&#8221; title_font_size=&#8221;40px&#8221; subhead_font_size=&#8221;28px&#8221; logo_image_url=&#8221;http:\/\/idigstories.eu\/wp-content\/uploads\/2015\/12\/IDIG_LogoOcraForma_Def-33&#215;48.png&#8221; module_id=&#8221;page_project_section&#8221; title_font=&#8221;|on||on|&#8221; title_font_color=&#8221;#97963a&#8221;]<\/p>\n<p>\n&nbsp;<\/p>\n<p>[\/et_pb_fullwidth_header][\/et_pb_section][et_pb_section admin_label=&#8221;section&#8221;][et_pb_row admin_label=&#8221;row&#8221; make_fullwidth=&#8221;off&#8221; use_custom_width=&#8221;off&#8221; width_unit=&#8221;on&#8221; use_custom_gutter=&#8221;off&#8221; gutter_width=&#8221;3&#8243; padding_mobile=&#8221;off&#8221; allow_player_pause=&#8221;off&#8221; parallax=&#8221;off&#8221; parallax_method=&#8221;off&#8221; make_equal=&#8221;off&#8221; parallax_1=&#8221;off&#8221; parallax_method_1=&#8221;off&#8221; column_padding_mobile=&#8221;on&#8221;][et_pb_column type=&#8221;4_4&#8243;][et_pb_text admin_label=&#8221;Text&#8221; background_layout=&#8221;light&#8221; text_orientation=&#8221;left&#8221; text_font_size=&#8221;14&#8243; use_border_color=&#8221;off&#8221; border_color=&#8221;#ffffff&#8221; border_style=&#8221;solid&#8221;]<\/p>\n<p class=\"western\">Projekt \u201cI dig stories \u2013 Stories Educational Learning Facilities\u201d realizowany jest przy wsparciu Komisji Europejskiej oraz w\u0142oskiej Narodowej Agencji Indire w ramach programu Erasmus+ Wsp\u00f3\u0142praca na rzecz innowacji i dobrych praktyk, Partnerstwa strategiczne w sektorze Edukacja doros\u0142ych.<\/p>\n<p class=\"western\">Idea tego projektu powsta\u0142a w wyniku analizy potrzeb populacji UE, kt\u00f3ra z zwi\u0105zku z nap\u0142ywem nowej ludno\u015bci i rozpowszechnianiem si\u0119 medi\u00f3w cyfrowych, podlega nieustannym zmianom.<\/p>\n<p class=\"western\">Opracowali\u015bmy projekt \u0142\u0105cz\u0105cy nowoczesne, cyfrowe narz\u0119dzia edukacyjne z odkrywaniem niezwyk\u0142ej dynamiki zachowa\u0144 zbiorowych, w zakresie emocji i kreatywno\u015bci, umo\u017cliwiaj\u0105c uczestnikom wyj\u015bcie ze spo\u0142ecznego ukrycia.<\/p>\n<p class=\"western\">Jeste\u015bmy przekonani, \u017ce przywr\u00f3cenie godno\u015bci jednostkom jest podstawowym i kluczowym krokiem na etapie budowania drogi do wi\u0119kszego spo\u0142ecznego w\u0142\u0105czenia.<\/p>\n<p class=\"western\">Nast\u0119pnie zdecydowali\u015bmy, \u017ce cyfrowe opowie\u015bci (DST) b\u0119d\u0105 narz\u0119dziem, kt\u00f3re wyjdzie naprzeciw tym potrzebom i pozwoli zrealizowa\u0107 nasze cele. DST odnosi si\u0119 do tworzenia tre\u015bci multimedialnych w formie film\u00f3w, za pomoc\u0105 kt\u00f3rych zwykli ludzie mog\u0105 podzieli\u0107 si\u0119 z innymi swoimi historiami. DST jest stosunkowo nowym zjawiskiem, polegaj\u0105cym na wykorzystaniu przez zwyk\u0142ych ludzi narz\u0119dzi cyfrowych do przedstawienia ich osobistej \u2018historii\u2019 w ciekawej i emocjonalnie anga\u017cuj\u0105cej formie.<\/p>\n<p class=\"western\">Tworzenie opowiada\u0144 cyfrowych mo\u017cna zdefiniowa\u0107 jako proces, w kt\u00f3rym ludzie dziel\u0105 si\u0119 swoimi \u017cyciowymi historiami i kreatywnymi produkcjami z innymi, poprzez Internet i inne systemy elektronicznej wymiany danych. Tworz\u0105c cyfrowe opowie\u015bci, uczestnicy bior\u0105 aktywny udzia\u0142 w procesie uczenia si\u0119, staj\u0105 si\u0119 tw\u00f3rcami, producentami, wydawcami, oceniaj\u0105cymi a jednocze\u015bnie bior\u0105 udzia\u0142 w wymianie wiedzy.<\/p>\n<p>[\/et_pb_text][\/et_pb_column][\/et_pb_row][et_pb_row admin_label=&#8221;row&#8221;][et_pb_column type=&#8221;1_2&#8243;][et_pb_text admin_label=&#8221;Text&#8221; background_layout=&#8221;light&#8221; text_orientation=&#8221;left&#8221; text_font_size=&#8221;14&#8243; use_border_color=&#8221;off&#8221; border_color=&#8221;#ffffff&#8221; border_style=&#8221;solid&#8221;]<\/p>\n<h3><span lang=\"en-GB\">Projekt &#8222;I dig stories \u2013 Stories Educational Learning Facilities&#8221; zak\u0142ada:<\/span><\/h3>\n<ul>\n<li class=\"western\" lang=\"en-GB\">Stworzenie i upowszechnienie przewodnika po metodyce tworzenia opowie\u015bci cyfrowych (DST) <\/li>\n<li class=\"western\" lang=\"en-GB\">Przeszkolenie organizacji edukacyjnych wchodz\u0105cych w sk\u0142ad konsorcjum w zakresie DST<\/li>\n<li class=\"western\" lang=\"en-GB\">Pomoc we wdra\u017caniu DST do dzia\u0142a\u0144 edukacyjnych organizowanych przez partner\u00f3w, tak aby wyj\u015b\u0107 naprzeciw ich potrzebom przy realizacji warsztat\u00f3w skierowanych do beneficjent\u00f3w<\/li>\n<li class=\"western\" lang=\"en-GB\">Opracowanie zestawu narz\u0119dzi po uzyskaniu informacji zwrotnej z procesu implementacji<\/li>\n<li class=\"western\" lang=\"en-GB\">Stworzenie platformy e-learningowej, kt\u00f3ra udost\u0119pni przestrze\u0144 publiczn\u0105 dla spo\u0142eczno\u015bci edukator\u00f3w i wymiany materia\u0142\u00f3w edukacyjnych<\/li>\n<li class=\"western\" lang=\"en-GB\">Promocja platformy e-learningowej i tworzenia cyfrowych opowie\u015bci jako nowych narz\u0119dzi edukacyjnych, poprzez upowszechnianie tych narz\u0119dzi i zorganizowanie konferencji skierowanej do edukator\u00f3w, zar\u00f3wno na poziomie krajowym jak i europejskim<\/li>\n<\/ul>\n<p>Wszystkie rezultaty intelektualne i produkty b\u0119dzie mo\u017cna pobra\u0107 bez op\u0142at w ramach licencji Creative Commons \u201cAttribution \u2013 Non Commercial \u2013 Share Alike 4.0 international\u201d<\/p>\n<p class=\"western\" lang=\"en-GB\">Licencja ta pozwala zar\u00f3wno uczestnikom warsztat\u00f3w, wszystkim uczestnikom konferencji jak i u\u017cytkownikom platformy na remiksowanie, ulepszanie oraz tworzenie na bazie wszelkich materia\u0142\u00f3w z projektu, w celach niekomercyjnych, pod warunkiem uznania praw autorskich oraz dalszego uznania tej samej formy licencji.<\/p>\n<p>[\/et_pb_text][\/et_pb_column][et_pb_column type=&#8221;1_2&#8243;][et_pb_text admin_label=&#8221;Text&#8221; background_layout=&#8221;light&#8221; text_orientation=&#8221;left&#8221; text_font_size=&#8221;14&#8243; use_border_color=&#8221;off&#8221; border_color=&#8221;#ffffff&#8221; border_style=&#8221;solid&#8221;]<\/p>\n<h3>The partnership is composed by:<\/h3>\n<ul>\n<li class=\"western\"><span lang=\"en-GB\">Diciannove societ\u00e0 cooperativa (IT) \u2013 <\/span><span lang=\"zxx\"><u><span lang=\"en-GB\"><a href=\"http:\/\/www.19.coop\/\">www.19.coop<\/a>\u00a0<\/span><\/u><\/span><\/li>\n<li class=\"western\"><span lang=\"en-GB\">Zoe Gestione Servizi Culturali (IT) \u2013 <\/span><span lang=\"zxx\"><u><span lang=\"en-GB\"><a href=\"http:\/\/www.zoecoop.it\/\">www.zoecoop.it<\/a>\u00a0<\/span><\/u><\/span><\/li>\n<li class=\"western\"><span lang=\"en-GB\">Anthropolis Antropologiai Kozhasznu Egyesulet (HU) \u2013 <\/span><span lang=\"zxx\"><u><span lang=\"en-GB\"><a href=\"http:\/\/www.anthropolis.hu\/\">www.anthropolis.hu<\/a>\u00a0<\/span><\/u><\/span><\/li>\n<li class=\"western\"><span lang=\"en-GB\">Danmar Computers sp z o.o. (PL) \u2013 <\/span><span lang=\"zxx\"><u><span lang=\"en-GB\"><a href=\"http:\/\/www.danmar-computers.com.pl\/\">www.danmar-computers.com.pl<\/a>\u00a0<\/span><\/u><\/span><\/li>\n<li class=\"western\"><span lang=\"en-GB\">Vardakeios School of indigent children (EL) \u2013 <\/span><span lang=\"zxx\"><u><span lang=\"en-GB\"><a href=\"http:\/\/www.vardakeios.gr\/\">www.vardakeios.gr<\/a>\u00a0<\/span><\/u><\/span><\/li>\n<li class=\"western\"><span lang=\"en-GB\">Liverpool World Centre (UK) \u2013 <\/span><span lang=\"zxx\"><u><span lang=\"en-GB\"><a href=\"http:\/\/www.liverpoolworldcentre.org\/\">www.liverpoolworldcentre.org<\/a><\/span><\/u><\/span><\/li>\n<\/ul>\n<p>[\/et_pb_text][\/et_pb_column][\/et_pb_row][et_pb_row admin_label=&#8221;Row&#8221;][et_pb_column type=&#8221;4_4&#8243;][et_pb_accordion admin_label=&#8221;Accordion&#8221; toggle_font_size=&#8221;16&#8243; body_font_size=&#8221;14&#8243; use_border_color=&#8221;off&#8221; border_color=&#8221;#ffffff&#8221; border_style=&#8221;solid&#8221;]<\/p>\n<p>[et_pb_accordion_item title=&#8221;w ramach projektu powstan\u0105 trzy g\u0142\u00f3wne rezultaty intelektualne:&#8221;]<\/p>\n<p><\/p>\n<p>[\/et_pb_accordion_item][et_pb_accordion_item title=&#8221;IO1 &#8211; platforma e-learning&#8221;]<\/p>\n<p>the platform you are currently using, which allow users to publish the project digital stories on a central website together with descriptions and additional information. The platform offers:<\/p>\n<p>&#8211; methodological guide to DST (see IO2 for details)<br \/>\n&#8211; the practical toolkit to prepare and manage your own workshop on DST (see IO3 for details)<br \/>\n&#8211; general information on digital storytelling<br \/>\n&#8211; additional material for educational and organisational purposes<br \/>\n&#8211; links and further literature<br \/>\n&#8211; best practice examples of existing projects<br \/>\n&#8211; news on the topic of digital storytelling<br \/>\n&#8211; downloadable models for digital storytelling trainers for the set up of workshops<\/p>\n<\/p>\n<p>[\/et_pb_accordion_item][et_pb_accordion_item title=&#8221;IO2 &#8211; przewodnik metodyczny DST&#8221;]<\/p>\n<p>The collegues from Athropolis, with the contribution of all project partners, will write a comprehensive Methodological Guide to the Digital Storytelling. The thematics in which the guide will be developed are:<\/p>\n<p>&#8211; Digital Story Telling: an educational procedure meeting the needs and the creativity of the participants<br \/>\n-Education in 2.0 environment<br \/>\n-The educational e-platform<br \/>\n-Digital Story-telling Method and praxis<\/p>\n<\/p>\n<p>[\/et_pb_accordion_item][et_pb_accordion_item title=&#8221;IO3 &#8211; zestaw praktycznych narz\u0119dzi&#8221;]<\/p>\n<p>The Tool-kit will present the implementation of the Digital Story Telling in the project. The toolkit will be created by merging together the e-platform materials, the highlights from the methodological guide, the knowledge and skills gained by partners professional during the joint staff training in Budapest and the results of local workshop held in each single local partners by partners to disseminate the practice. The toolkit will be the result of these local workshops: each partner will collectall materials, video, narrative sets, feedback and comments developped during the workshop sessions.<\/p>\n<\/p>\n<p>[\/et_pb_accordion_item]<\/p>\n<p>[\/et_pb_accordion][\/et_pb_column][\/et_pb_row][et_pb_row admin_label=&#8221;Row&#8221;][et_pb_column type=&#8221;4_4&#8243;][et_pb_text admin_label=&#8221;Text&#8221; background_layout=&#8221;light&#8221; text_orientation=&#8221;left&#8221; text_font_size=&#8221;14&#8243; use_border_color=&#8221;off&#8221; border_color=&#8221;#ffffff&#8221; border_style=&#8221;solid&#8221;]<\/p>\n<p class=\"western\">Wszystkie rezultaty pracy intelektualnej oraz produkty mo\u017cna pobra\u0107 bezp\u0142atnie w ramach licencji Creative Commons \u201c Creative Commons \u201cAttribution \u2013 Non Commercial \u2013 Share Alike 4.0 international\u201d.<\/p>\n<p>[\/et_pb_text][\/et_pb_column][\/et_pb_row][et_pb_row admin_label=&#8221;Row&#8221;][et_pb_column type=&#8221;4_4&#8243;][et_pb_text admin_label=&#8221;Text&#8221; background_layout=&#8221;light&#8221; text_orientation=&#8221;left&#8221; text_font_size=&#8221;14&#8243; use_border_color=&#8221;off&#8221; border_color=&#8221;#ffffff&#8221; border_style=&#8221;solid&#8221;]<\/p>\n<p class=\"western\" lang=\"en-GB\">Projekt otrzyma\u0142 95\/100 punkt\u00f3w z ewaluacji, jest to jeden z najwy\u017cszych dotychczas odnotowanych wynik\u00f3w.<\/p>\n<p>Do tej pory podj\u0119to nast\u0119puj\u0105ce dzia\u0142ania:<\/p>\n<ul>\n<li>Pierwsze mi\u0119dzynarodowe spotkanie partnerskie, kt\u00f3re odby\u0142o si\u0119 w Genui (IT) 28 i 29 pa\u017adziernika.<\/li>\n<li>Wykorzystano wszystkie wa\u017cniejsze media cyfrowe \u2013 wybierz to kt\u00f3re wolisz i \u015bled\u017a aktualno\u015bci na: LinkedIn [7] \u2013 Facebook [8] \u2013 Google+ [9] \u2013 Twitter<\/li>\n<li>Platforma (IO1) jest ju\u017c gotowa i w u\u017cyciu<\/li>\n<\/ul>\n<p>Obecnie pracujemy nad:<\/p>\n<ul>\n<li>Przygotowaniem 5-dniowego szkolenia LLTA w Budapeszcie, zaplanowanego na 4-8 kwietnia<\/li>\n<li>przygotowaniem drugiego spotkania partnerskiego, kt\u00f3re odb\u0119dzie si\u0119 w Budapeszcie 9 i 10 kwietnia<\/li>\n<li>napisaniem przewodnika metodycznego DST<\/li>\n<\/ul>\n<p>Aktualno\u015bci dotycz\u0105ce wdra\u017cania projektu mo\u017cna otrzymywa\u0107 subskrybuj\u0105c nasz newsletter.<\/p>\n<p>Po wi\u0119cej informacji prosimy o kontakt z Paolo Brusa: idigstories@19.coop<\/p>\n<p>[\/et_pb_text][\/et_pb_column][\/et_pb_row][\/et_pb_section]<\/p>\n","protected":false},"excerpt":{"rendered":"<p>[et_pb_section admin_label=&#8221;section&#8221; fullwidth=&#8221;on&#8221; specialty=&#8221;off&#8221; inner_shadow=&#8221;off&#8221; parallax=&#8221;off&#8221; background_color=&#8221;#ffffff&#8221; transparent_background=&#8221;off&#8221; allow_player_pause=&#8221;off&#8221; parallax_method=&#8221;off&#8221; padding_mobile=&#8221;off&#8221; make_fullwidth=&#8221;off&#8221; use_custom_width=&#8221;off&#8221; width_unit=&#8221;on&#8221; make_equal=&#8221;off&#8221; use_custom_gutter=&#8221;off&#8221; gutter_width=&#8221;3&#8243;][et_pb_fullwidth_header admin_label=&#8221;Fullwidth Header&#8221; title=&#8221;Project&#8221; background_layout=&#8221;light&#8221; text_orientation=&#8221;left&#8221; header_fullscreen=&#8221;off&#8221; header_scroll_down=&#8221;off&#8221; parallax=&#8221;off&#8221; parallax_method=&#8221;off&#8221; content_orientation=&#8221;center&#8221; image_orientation=&#8221;center&#8221; custom_button_one=&#8221;off&#8221; button_one_text_size=&#8221;20&#8243; button_one_border_width=&#8221;2&#8243; button_one_border_radius=&#8221;3&#8243; button_one_letter_spacing=&#8221;0&#8243; button_one_use_icon=&#8221;default&#8221; button_one_icon_placement=&#8221;right&#8221; button_one_on_hover=&#8221;on&#8221; button_one_border_radius_hover=&#8221;3&#8243; button_one_letter_spacing_hover=&#8221;0&#8243; custom_button_two=&#8221;off&#8221; button_two_text_size=&#8221;20&#8243; button_two_border_width=&#8221;2&#8243; button_two_border_radius=&#8221;3&#8243; button_two_letter_spacing=&#8221;0&#8243; button_two_use_icon=&#8221;default&#8221; button_two_icon_placement=&#8221;right&#8221; button_two_on_hover=&#8221;on&#8221; button_two_border_radius_hover=&#8221;3&#8243; button_two_letter_spacing_hover=&#8221;0&#8243; background_color=&#8221;#e1dd52&#8243; subhead=&#8221;I dig stories \u2013 Stories Educational [&hellip;]<\/p>\n","protected":false},"author":1,"featured_media":0,"parent":0,"menu_order":1,"comment_status":"closed","ping_status":"closed","template":"","meta":{"_et_pb_use_builder":"on","_et_pb_old_content":"","_et_gb_content_width":""},"yoast_head":"<!-- This site is optimized with the Yoast SEO plugin v15.3 - https:\/\/yoast.com\/wordpress\/plugins\/seo\/ -->\n<title>Project - idigstories<\/title>\n<meta name=\"robots\" content=\"index, follow, max-snippet:-1, max-image-preview:large, max-video-preview:-1\" \/>\n<link rel=\"canonical\" href=\"http:\/\/idigstories.eu\/pl\/project2\/\" \/>\n<meta property=\"og:locale\" content=\"pl_PL\" \/>\n<meta property=\"og:type\" content=\"article\" \/>\n<meta property=\"og:title\" content=\"Project - idigstories\" \/>\n<meta property=\"og:description\" content=\"[et_pb_section admin_label=&#8221;section&#8221; fullwidth=&#8221;on&#8221; specialty=&#8221;off&#8221; inner_shadow=&#8221;off&#8221; parallax=&#8221;off&#8221; background_color=&#8221;#ffffff&#8221; transparent_background=&#8221;off&#8221; allow_player_pause=&#8221;off&#8221; parallax_method=&#8221;off&#8221; padding_mobile=&#8221;off&#8221; make_fullwidth=&#8221;off&#8221; use_custom_width=&#8221;off&#8221; width_unit=&#8221;on&#8221; make_equal=&#8221;off&#8221; use_custom_gutter=&#8221;off&#8221; gutter_width=&#8221;3&#8243;][et_pb_fullwidth_header admin_label=&#8221;Fullwidth Header&#8221; title=&#8221;Project&#8221; background_layout=&#8221;light&#8221; text_orientation=&#8221;left&#8221; header_fullscreen=&#8221;off&#8221; header_scroll_down=&#8221;off&#8221; parallax=&#8221;off&#8221; parallax_method=&#8221;off&#8221; content_orientation=&#8221;center&#8221; image_orientation=&#8221;center&#8221; custom_button_one=&#8221;off&#8221; button_one_text_size=&#8221;20&#8243; button_one_border_width=&#8221;2&#8243; button_one_border_radius=&#8221;3&#8243; button_one_letter_spacing=&#8221;0&#8243; button_one_use_icon=&#8221;default&#8221; button_one_icon_placement=&#8221;right&#8221; button_one_on_hover=&#8221;on&#8221; button_one_border_radius_hover=&#8221;3&#8243; button_one_letter_spacing_hover=&#8221;0&#8243; custom_button_two=&#8221;off&#8221; button_two_text_size=&#8221;20&#8243; button_two_border_width=&#8221;2&#8243; button_two_border_radius=&#8221;3&#8243; button_two_letter_spacing=&#8221;0&#8243; button_two_use_icon=&#8221;default&#8221; button_two_icon_placement=&#8221;right&#8221; button_two_on_hover=&#8221;on&#8221; button_two_border_radius_hover=&#8221;3&#8243; button_two_letter_spacing_hover=&#8221;0&#8243; background_color=&#8221;#e1dd52&#8243; subhead=&#8221;I dig stories \u2013 Stories Educational [&hellip;]\" \/>\n<meta property=\"og:url\" content=\"http:\/\/idigstories.eu\/pl\/project2\/\" \/>\n<meta property=\"og:site_name\" content=\"idigstories\" \/>\n<meta property=\"article:modified_time\" content=\"2016-04-23T10:15:13+00:00\" \/>\n<meta name=\"twitter:card\" content=\"summary\" \/>\n<meta name=\"twitter:label1\" content=\"Written by\">\n\t<meta name=\"twitter:data1\" content=\"coma\">\n\t<meta name=\"twitter:label2\" content=\"Est. reading time\">\n\t<meta name=\"twitter:data2\" content=\"6 minut\">\n<script type=\"application\/ld+json\" class=\"yoast-schema-graph\">{\"@context\":\"https:\/\/schema.org\",\"@graph\":[{\"@type\":\"WebSite\",\"@id\":\"http:\/\/idigstories.eu\/it\/#website\",\"url\":\"http:\/\/idigstories.eu\/it\/\",\"name\":\"idigstories\",\"description\":\"Stories Educational Learning Facilities\",\"potentialAction\":[{\"@type\":\"SearchAction\",\"target\":\"http:\/\/idigstories.eu\/it\/?s={search_term_string}\",\"query-input\":\"required name=search_term_string\"}],\"inLanguage\":\"pl-PL\"},{\"@type\":\"WebPage\",\"@id\":\"http:\/\/idigstories.eu\/pl\/project2\/#webpage\",\"url\":\"http:\/\/idigstories.eu\/pl\/project2\/\",\"name\":\"Project - idigstories\",\"isPartOf\":{\"@id\":\"http:\/\/idigstories.eu\/it\/#website\"},\"datePublished\":\"2016-04-23T08:19:06+00:00\",\"dateModified\":\"2016-04-23T10:15:13+00:00\",\"inLanguage\":\"pl-PL\",\"potentialAction\":[{\"@type\":\"ReadAction\",\"target\":[\"http:\/\/idigstories.eu\/pl\/project2\/\"]}]}]}<\/script>\n<!-- \/ Yoast SEO plugin. -->","_links":{"self":[{"href":"https:\/\/idigstories.eu\/pl\/wp-json\/wp\/v2\/pages\/881"}],"collection":[{"href":"https:\/\/idigstories.eu\/pl\/wp-json\/wp\/v2\/pages"}],"about":[{"href":"https:\/\/idigstories.eu\/pl\/wp-json\/wp\/v2\/types\/page"}],"author":[{"embeddable":true,"href":"https:\/\/idigstories.eu\/pl\/wp-json\/wp\/v2\/users\/1"}],"replies":[{"embeddable":true,"href":"https:\/\/idigstories.eu\/pl\/wp-json\/wp\/v2\/comments?post=881"}],"version-history":[{"count":2,"href":"https:\/\/idigstories.eu\/pl\/wp-json\/wp\/v2\/pages\/881\/revisions"}],"predecessor-version":[{"id":988,"href":"https:\/\/idigstories.eu\/pl\/wp-json\/wp\/v2\/pages\/881\/revisions\/988"}],"wp:attachment":[{"href":"https:\/\/idigstories.eu\/pl\/wp-json\/wp\/v2\/media?parent=881"}],"curies":[{"name":"wp","href":"https:\/\/api.w.org\/{rel}","templated":true}]}}