{"id":1727,"date":"2016-11-23T09:27:44","date_gmt":"2016-11-23T08:27:44","guid":{"rendered":"http:\/\/idigstories.eu\/pl\/?page_id=1727"},"modified":"2016-11-23T09:52:02","modified_gmt":"2016-11-23T08:52:02","slug":"opowiesci-cyfrowe-w-praktyce","status":"publish","type":"page","link":"http:\/\/idigstories.eu\/pl\/opowiesci-cyfrowe-w-praktyce\/","title":{"rendered":"Opowie\u015bci cyfrowe w praktyce"},"content":{"rendered":"<p>[et_pb_section admin_label=&#8221;section&#8221; fullwidth=&#8221;on&#8221; specialty=&#8221;off&#8221; background_color=&#8221;#e1dd52&#8243; inner_shadow=&#8221;on&#8221; parallax=&#8221;off&#8221; transparent_background=&#8221;off&#8221; allow_player_pause=&#8221;off&#8221; parallax_method=&#8221;off&#8221; padding_mobile=&#8221;off&#8221; make_fullwidth=&#8221;off&#8221; use_custom_width=&#8221;off&#8221; width_unit=&#8221;on&#8221; make_equal=&#8221;off&#8221; use_custom_gutter=&#8221;off&#8221; module_id=&#8221;HOME_Project_section&#8221;][et_pb_fullwidth_header admin_label=&#8221;Fullwidth Header&#8221; background_layout=&#8221;light&#8221; text_orientation=&#8221;left&#8221; header_fullscreen=&#8221;off&#8221; header_scroll_down=&#8221;off&#8221; parallax=&#8221;off&#8221; parallax_method=&#8221;off&#8221; content_orientation=&#8221;center&#8221; image_orientation=&#8221;bottom&#8221; custom_button_one=&#8221;off&#8221; button_one_border_width=&#8221;0&#8243; button_one_border_radius=&#8221;0&#8243; button_one_letter_spacing=&#8221;0&#8243; button_one_use_icon=&#8221;off&#8221; button_one_icon_placement=&#8221;right&#8221; button_one_on_hover=&#8221;on&#8221; button_one_border_radius_hover=&#8221;0&#8243; button_one_letter_spacing_hover=&#8221;0&#8243; custom_button_two=&#8221;off&#8221; button_two_letter_spacing=&#8221;0&#8243; button_two_use_icon=&#8221;default&#8221; button_two_icon_placement=&#8221;right&#8221; button_two_on_hover=&#8221;on&#8221; button_two_letter_spacing_hover=&#8221;0&#8243; subhead=&#8221;Instrukcja przeprowadzenia warsztat\u00f3w&#8221; subhead_font_size=&#8221;28px&#8221; background_overlay_color=&#8221;rgba(255,255,255,0)&#8221; logo_image_url=&#8221;http:\/\/idigstories.eu\/wp-content\/uploads\/2015\/12\/IDIG_LogoOcraForma_Def-33&#215;48.png&#8221; title=&#8221;Opowie\u015bci cyfrowe w praktyce&#8221; title_font_color=&#8221;#97963a&#8221; button_one_font=&#8221;|on||on|&#8221; title_font=&#8221;|on||on|&#8221; title_font_size=&#8221;40px&#8221; module_id=&#8221;HOME_header_project&#8221;] [\/et_pb_fullwidth_header][\/et_pb_section][et_pb_section admin_label=&#8221;section&#8221;][et_pb_row admin_label=&#8221;row&#8221;][et_pb_column type=&#8221;4_4&#8243;][et_pb_code admin_label=&#8221;Code&#8221;]  \t<div class=\"pdf-light-viewer js-pdf-light-viewer pdf-light-viewer--theme-light\" \t\tdata-enable-zoom=\"1\"         data-zoom-magnify=\"0\">  \t\t \t\t<div class=\"pdf-light-viewer-magazine-viewport js-pdf-light-viewer-magazine-viewport with-nav-bottom\">  \t\t\t\t\t\t\t<ul class=\"pdf-light-viewer-features-top-panel\"> \t\t\t\t\t     <li>         <a title=\"Download\" href=\"\/?smd_process_download=1&amp;download_id=1729\" target=\"_blank\">             <i class=\"icons slicon-cloud-download\"><\/i>         <\/a>     <\/li>      <li>         <a title=\"Fullscreen\" href=\"#!\" class=\"js-pdf-light-viewer-fullscreen\">             <i class=\"icons slicon-size-fullscreen\"><\/i>             <i class=\"icons slicon-size-actual initially-hidden\"><\/i>         <\/a>     <\/li>      <li>         <a class=\"js-pdf-light-viewer-toggle-zoom\" href=\"#!\" title=\"Zoom enabled\">             <i class=\"icons slicon-frame\"><\/i>         <\/a>     <\/li>    \t\t\t\t<\/ul> \t\t\t \t\t\t<div class=\"pdf-light-viewer-magazine-viewport-container\"> \t\t\t\t<div class=\"js-pdf-light-viewer-magazine pdf-light-viewer-magazine\"                     data-max-book-width=\"0\"                     data-max-book-height=\"0\"                     data-limit-fullscreen-book-height=\"0\" \t\t\t\t\tdata-width=\"842\" \t\t\t\t\tdata-height=\"595\" \t\t\t\t\tdata-pages-count=\"1\" \t\t\t\t\tdata-page-layout=\"\"                     data-download-page-format=\"jpg\"                     data-theme=\"\"                     data-disable-images-preloading=\"0\"> \t\t\t\t\t\t\t\t\t\t\t<div style=\"background-image:url('http:\/\/idigstories.eu\/wp-content\/plugins\/pdf-light-viewer\/resources\/assets\/img\/lightpaperfibers.png');\"> \t\t\t\t\t\t\t<div class=\"gradient\"><\/div>                                                             <img \t\t\t\t\t\t\t\t\tclass=\"js-pdf-light-viewer-lazy-loading js-pdf-light-viewer-lazy-loading-1 initially-hidden\" \t\t\t\t\t\t\t\t\tsrc=\"http:\/\/idigstories.eu\/wp-content\/plugins\/pdf-light-viewer\/resources\/assets\/img\/lightpaperfibers.png\" \t\t\t\t\t\t\t\t\tdata-original=\"http:\/\/idigstories.eu\/wp-content\/uploads\/pdf-light-viewer\/1712\/page-00001.jpg\" \t\t\t\t\t\t\t\t\twidth=\"100%\" \t\t\t\t\t\t\t\t\theight=\"100%\" \t\t\t\t\t\t\t\t\t\/>                             \t\t\t\t\t\t<\/div> \t\t\t\t\t\t\t\t\t<\/div> \t\t\t<\/div> \t\t<\/div>  \t\t<!-- Thumbnails --> \t\t\t\t\t<div class=\"pdf-light-viewer-magazine-thumbnails js-pdf-light-viewer-magazine-thumbnails\">  \t\t\t\t<div class=\"pdf-light-viewer-features-bottom-panel\"> \t\t\t\t\t<ul>     <li>         <div class=\"i pdf-light-viewer-slide\">             <a href=\"#page\/1\" class=\"page-1 js-page-thumbnail\">                 <img                     src=\"http:\/\/idigstories.eu\/wp-content\/uploads\/pdf-light-viewer\/1712-thumbs\/page-00001-100x76.jpg\"                     alt=\"\"                     \/>             <\/a>             <span>                 1                             <\/span>         <\/div>     <\/li>          <\/ul> \t\t\t\t<\/div>  \t\t\t<\/div> \t\t \t<\/div>  [\/et_pb_code][\/et_pb_column][\/et_pb_row][\/et_pb_section]<\/p>\n","protected":false},"excerpt":{"rendered":"<p>[et_pb_section admin_label=&#8221;section&#8221; fullwidth=&#8221;on&#8221; specialty=&#8221;off&#8221; background_color=&#8221;#e1dd52&#8243; inner_shadow=&#8221;on&#8221; parallax=&#8221;off&#8221; transparent_background=&#8221;off&#8221; allow_player_pause=&#8221;off&#8221; parallax_method=&#8221;off&#8221; padding_mobile=&#8221;off&#8221; make_fullwidth=&#8221;off&#8221; use_custom_width=&#8221;off&#8221; width_unit=&#8221;on&#8221; make_equal=&#8221;off&#8221; use_custom_gutter=&#8221;off&#8221; module_id=&#8221;HOME_Project_section&#8221;][et_pb_fullwidth_header admin_label=&#8221;Fullwidth Header&#8221; background_layout=&#8221;light&#8221; text_orientation=&#8221;left&#8221; header_fullscreen=&#8221;off&#8221; header_scroll_down=&#8221;off&#8221; parallax=&#8221;off&#8221; parallax_method=&#8221;off&#8221; content_orientation=&#8221;center&#8221; image_orientation=&#8221;bottom&#8221; custom_button_one=&#8221;off&#8221; button_one_border_width=&#8221;0&#8243; button_one_border_radius=&#8221;0&#8243; button_one_letter_spacing=&#8221;0&#8243; button_one_use_icon=&#8221;off&#8221; button_one_icon_placement=&#8221;right&#8221; button_one_on_hover=&#8221;on&#8221; button_one_border_radius_hover=&#8221;0&#8243; button_one_letter_spacing_hover=&#8221;0&#8243; custom_button_two=&#8221;off&#8221; button_two_letter_spacing=&#8221;0&#8243; button_two_use_icon=&#8221;default&#8221; button_two_icon_placement=&#8221;right&#8221; button_two_on_hover=&#8221;on&#8221; button_two_letter_spacing_hover=&#8221;0&#8243; subhead=&#8221;Instrukcja przeprowadzenia warsztat\u00f3w&#8221; subhead_font_size=&#8221;28px&#8221; background_overlay_color=&#8221;rgba(255,255,255,0)&#8221; logo_image_url=&#8221;http:\/\/idigstories.eu\/wp-content\/uploads\/2015\/12\/IDIG_LogoOcraForma_Def-33&#215;48.png&#8221; title=&#8221;Opowie\u015bci cyfrowe w praktyce&#8221; title_font_color=&#8221;#97963a&#8221; button_one_font=&#8221;|on||on|&#8221; title_font=&#8221;|on||on|&#8221; [&hellip;]<\/p>\n","protected":false},"author":1,"featured_media":0,"parent":0,"menu_order":0,"comment_status":"closed","ping_status":"closed","template":"","meta":{"_et_pb_use_builder":"on","_et_pb_old_content":"<p>[et_pb_section admin_label=\"section\" fullwidth=\"on\" specialty=\"off\" background_color=\"#e1dd52\" inner_shadow=\"on\" parallax=\"off\" transparent_background=\"off\" allow_player_pause=\"off\" parallax_method=\"off\" padding_mobile=\"off\" make_fullwidth=\"off\" use_custom_width=\"off\" width_unit=\"on\" make_equal=\"off\" use_custom_gutter=\"off\" module_id=\"HOME_Project_section\"][et_pb_fullwidth_header admin_label=\"Fullwidth Header\" background_layout=\"light\" text_orientation=\"left\" header_fullscreen=\"off\" header_scroll_down=\"off\" parallax=\"off\" parallax_method=\"off\" content_orientation=\"center\" image_orientation=\"bottom\" custom_button_one=\"off\" button_one_border_width=\"0\" button_one_border_radius=\"0\" button_one_letter_spacing=\"0\" button_one_use_icon=\"off\" button_one_icon_placement=\"right\" button_one_on_hover=\"on\" button_one_border_radius_hover=\"0\" button_one_letter_spacing_hover=\"0\" custom_button_two=\"off\" button_two_letter_spacing=\"0\" button_two_use_icon=\"default\" button_two_icon_placement=\"right\" button_two_on_hover=\"on\" button_two_letter_spacing_hover=\"0\" subhead=\"K\u00e9pz\u00e9si \u00fatmutat\u00f3 digit\u00e1lis t\u00f6rt\u00e9netmes\u00e9l\u00e9s m\u0171helyek sz\u00e1m\u00e1ra\" subhead_font_size=\"28px\" background_overlay_color=\"rgba(255,255,255,0)\" logo_image_url=\"http:\/\/idigstories.eu\/wp-content\/uploads\/2015\/12\/IDIG_LogoOcraForma_Def-33x48.png\" title=\"Digit\u00e1lis t\u00f6rt\u00e9netmes\u00e9l\u00e9s a gyakorlatban\" title_font_color=\"#97963a\" button_one_font=\"|on||on|\" title_font=\"|on||on|\" title_font_size=\"40px\" module_id=\"HOME_header_project\"] [\/et_pb_fullwidth_header][\/et_pb_section][et_pb_section admin_label=\"section\"][et_pb_row admin_label=\"row\"][et_pb_column type=\"4_4\"][et_pb_code admin_label=\"Code\"][pdf-light-viewer id=\"1698\"][\/et_pb_code][\/et_pb_column][\/et_pb_row][\/et_pb_section]<\/p>","_et_gb_content_width":""},"yoast_head":"<!-- This site is optimized with the Yoast SEO plugin v15.3 - https:\/\/yoast.com\/wordpress\/plugins\/seo\/ -->\n<title>Opowie\u015bci cyfrowe w praktyce - idigstories<\/title>\n<meta name=\"robots\" content=\"index, follow, max-snippet:-1, max-image-preview:large, max-video-preview:-1\" \/>\n<link rel=\"canonical\" href=\"http:\/\/idigstories.eu\/pl\/opowiesci-cyfrowe-w-praktyce\/\" \/>\n<meta property=\"og:locale\" content=\"pl_PL\" \/>\n<meta property=\"og:type\" content=\"article\" \/>\n<meta property=\"og:title\" content=\"Opowie\u015bci cyfrowe w praktyce - idigstories\" \/>\n<meta property=\"og:description\" content=\"[et_pb_section admin_label=&#8221;section&#8221; fullwidth=&#8221;on&#8221; specialty=&#8221;off&#8221; background_color=&#8221;#e1dd52&#8243; inner_shadow=&#8221;on&#8221; parallax=&#8221;off&#8221; transparent_background=&#8221;off&#8221; allow_player_pause=&#8221;off&#8221; parallax_method=&#8221;off&#8221; padding_mobile=&#8221;off&#8221; make_fullwidth=&#8221;off&#8221; use_custom_width=&#8221;off&#8221; width_unit=&#8221;on&#8221; make_equal=&#8221;off&#8221; use_custom_gutter=&#8221;off&#8221; module_id=&#8221;HOME_Project_section&#8221;][et_pb_fullwidth_header admin_label=&#8221;Fullwidth Header&#8221; background_layout=&#8221;light&#8221; text_orientation=&#8221;left&#8221; header_fullscreen=&#8221;off&#8221; header_scroll_down=&#8221;off&#8221; parallax=&#8221;off&#8221; parallax_method=&#8221;off&#8221; content_orientation=&#8221;center&#8221; image_orientation=&#8221;bottom&#8221; custom_button_one=&#8221;off&#8221; button_one_border_width=&#8221;0&#8243; button_one_border_radius=&#8221;0&#8243; button_one_letter_spacing=&#8221;0&#8243; button_one_use_icon=&#8221;off&#8221; button_one_icon_placement=&#8221;right&#8221; button_one_on_hover=&#8221;on&#8221; button_one_border_radius_hover=&#8221;0&#8243; button_one_letter_spacing_hover=&#8221;0&#8243; custom_button_two=&#8221;off&#8221; button_two_letter_spacing=&#8221;0&#8243; button_two_use_icon=&#8221;default&#8221; button_two_icon_placement=&#8221;right&#8221; button_two_on_hover=&#8221;on&#8221; button_two_letter_spacing_hover=&#8221;0&#8243; subhead=&#8221;Instrukcja przeprowadzenia warsztat\u00f3w&#8221; subhead_font_size=&#8221;28px&#8221; background_overlay_color=&#8221;rgba(255,255,255,0)&#8221; logo_image_url=&#8221;http:\/\/idigstories.eu\/wp-content\/uploads\/2015\/12\/IDIG_LogoOcraForma_Def-33&#215;48.png&#8221; title=&#8221;Opowie\u015bci cyfrowe w praktyce&#8221; title_font_color=&#8221;#97963a&#8221; button_one_font=&#8221;|on||on|&#8221; title_font=&#8221;|on||on|&#8221; [&hellip;]\" \/>\n<meta property=\"og:url\" content=\"http:\/\/idigstories.eu\/pl\/opowiesci-cyfrowe-w-praktyce\/\" \/>\n<meta property=\"og:site_name\" content=\"idigstories\" \/>\n<meta property=\"article:modified_time\" content=\"2016-11-23T08:52:02+00:00\" \/>\n<meta name=\"twitter:card\" content=\"summary\" \/>\n<meta name=\"twitter:label1\" content=\"Written by\">\n\t<meta name=\"twitter:data1\" content=\"coma\">\n\t<meta name=\"twitter:label2\" content=\"Est. reading time\">\n\t<meta name=\"twitter:data2\" content=\"1 minuta\">\n<script type=\"application\/ld+json\" class=\"yoast-schema-graph\">{\"@context\":\"https:\/\/schema.org\",\"@graph\":[{\"@type\":\"WebSite\",\"@id\":\"http:\/\/idigstories.eu\/it\/#website\",\"url\":\"http:\/\/idigstories.eu\/it\/\",\"name\":\"idigstories\",\"description\":\"Stories Educational Learning Facilities\",\"potentialAction\":[{\"@type\":\"SearchAction\",\"target\":\"http:\/\/idigstories.eu\/it\/?s={search_term_string}\",\"query-input\":\"required name=search_term_string\"}],\"inLanguage\":\"pl-PL\"},{\"@type\":\"WebPage\",\"@id\":\"http:\/\/idigstories.eu\/pl\/opowiesci-cyfrowe-w-praktyce\/#webpage\",\"url\":\"http:\/\/idigstories.eu\/pl\/opowiesci-cyfrowe-w-praktyce\/\",\"name\":\"Opowie\\u015bci cyfrowe w praktyce - idigstories\",\"isPartOf\":{\"@id\":\"http:\/\/idigstories.eu\/it\/#website\"},\"datePublished\":\"2016-11-23T08:27:44+00:00\",\"dateModified\":\"2016-11-23T08:52:02+00:00\",\"inLanguage\":\"pl-PL\",\"potentialAction\":[{\"@type\":\"ReadAction\",\"target\":[\"http:\/\/idigstories.eu\/pl\/opowiesci-cyfrowe-w-praktyce\/\"]}]}]}<\/script>\n<!-- \/ Yoast SEO plugin. -->","_links":{"self":[{"href":"http:\/\/idigstories.eu\/pl\/wp-json\/wp\/v2\/pages\/1727"}],"collection":[{"href":"http:\/\/idigstories.eu\/pl\/wp-json\/wp\/v2\/pages"}],"about":[{"href":"http:\/\/idigstories.eu\/pl\/wp-json\/wp\/v2\/types\/page"}],"author":[{"embeddable":true,"href":"http:\/\/idigstories.eu\/pl\/wp-json\/wp\/v2\/users\/1"}],"replies":[{"embeddable":true,"href":"http:\/\/idigstories.eu\/pl\/wp-json\/wp\/v2\/comments?post=1727"}],"version-history":[{"count":2,"href":"http:\/\/idigstories.eu\/pl\/wp-json\/wp\/v2\/pages\/1727\/revisions"}],"predecessor-version":[{"id":1731,"href":"http:\/\/idigstories.eu\/pl\/wp-json\/wp\/v2\/pages\/1727\/revisions\/1731"}],"wp:attachment":[{"href":"http:\/\/idigstories.eu\/pl\/wp-json\/wp\/v2\/media?parent=1727"}],"curies":[{"name":"wp","href":"https:\/\/api.w.org\/{rel}","templated":true}]}}