{"id":917,"date":"2016-04-23T10:12:32","date_gmt":"2016-04-23T10:12:32","guid":{"rendered":"http:\/\/idigstories.eu\/hu\/?page_id=917"},"modified":"2016-04-23T10:13:05","modified_gmt":"2016-04-23T10:13:05","slug":"stories","status":"publish","type":"page","link":"https:\/\/idigstories.eu\/hu\/stories\/","title":{"rendered":"Stories"},"content":{"rendered":"<p>[et_pb_section admin_label=&#8221;Section&#8221; fullwidth=&#8221;on&#8221; specialty=&#8221;off&#8221;][et_pb_fullwidth_header admin_label=&#8221;Fullwidth Header&#8221; title=&#8221;T\u00f6rt\u00e9netek&#8221; background_layout=&#8221;light&#8221; text_orientation=&#8221;left&#8221; header_fullscreen=&#8221;off&#8221; header_scroll_down=&#8221;off&#8221; background_color=&#8221;#a34992&#8243; parallax=&#8221;off&#8221; parallax_method=&#8221;off&#8221; content_orientation=&#8221;center&#8221; image_orientation=&#8221;center&#8221; custom_button_one=&#8221;off&#8221; button_one_text_size=&#8221;20&#8243; button_one_border_width=&#8221;2&#8243; button_one_border_radius=&#8221;3&#8243; button_one_letter_spacing=&#8221;0&#8243; button_one_use_icon=&#8221;default&#8221; button_one_icon_placement=&#8221;right&#8221; button_one_on_hover=&#8221;on&#8221; button_one_border_radius_hover=&#8221;3&#8243; button_one_letter_spacing_hover=&#8221;0&#8243; custom_button_two=&#8221;off&#8221; button_two_text_size=&#8221;20&#8243; button_two_border_width=&#8221;2&#8243; button_two_border_radius=&#8221;3&#8243; button_two_letter_spacing=&#8221;0&#8243; button_two_use_icon=&#8221;default&#8221; button_two_icon_placement=&#8221;right&#8221; button_two_on_hover=&#8221;on&#8221; button_two_border_radius_hover=&#8221;3&#8243; button_two_letter_spacing_hover=&#8221;0&#8243; title_font=&#8221;|on||on|&#8221; title_font_color=&#8221;#8b3087&#8243; title_font_size=&#8221;40px&#8221; logo_image_url=&#8221;http:\/\/idigstories.eu\/wp-content\/uploads\/2015\/12\/IDIG_LogoMagentaForma_Def-33&#215;48.png&#8221; module_id=&#8221;page_stories_header&#8221;]<\/p>\n<p>[\/et_pb_fullwidth_header][\/et_pb_section][et_pb_section admin_label=&#8221;Section&#8221; fullwidth=&#8221;off&#8221; specialty=&#8221;off&#8221;][et_pb_row admin_label=&#8221;Row&#8221;][et_pb_column type=&#8221;4_4&#8243;][et_pb_text admin_label=&#8221;Text&#8221; background_layout=&#8221;light&#8221; text_orientation=&#8221;left&#8221; text_font_size=&#8221;14&#8243; use_border_color=&#8221;off&#8221; border_color=&#8221;#ffffff&#8221; border_style=&#8221;solid&#8221;]<\/p>\n<p>A digit\u00e1lis t\u00f6rt\u00e9netmes\u00e9l\u00e9ssel (DST) a mes\u00e9l\u0151 szem\u00e9lyes \u00e9lm\u00e9ny\u00e9t, \u00e9lett\u00f6rt\u00e9net\u00e9t dolgozza fel a f\u00e9nyk\u00e9pei seg\u00edts\u00e9g\u00e9vel. A folyamat v\u00e9geredm\u00e9nye egy saj\u00e1t hanggal k\u00eds\u00e9rt, szem\u00e9lyes k\u00e9pekre \u00e9p\u00fcl\u0151\u00a0kisfilm, amelynek t\u00e9m\u00e1ja lehet szem\u00e9lyes, k\u00f6z\u00f6ss\u00e9gi interkultur\u00e1lis vagy t\u00f6bbgener\u00e1ci\u00f3s t\u00f6rt\u00e9net. A DST egy \u00faj m\u00f3dszer, amelynek seg\u00edts\u00e9g\u00e9vel a r\u00e9sztvev\u0151k a szem\u00e9lyes t\u00f6rt\u00e9netek feldolgoz\u00e1s\u00e1hoz (digit\u00e1lis narrat\u00edv\u00e1k k\u00e9sz\u00edt\u00e9s\u00e9hez) megtanulhatj\u00e1k a digit\u00e1lis eszk\u00f6z\u00f6k haszn\u00e1lat\u00e1t, a v\u00e9geredm\u00e9ny pedig sok esetben \u00e9rzelmi t\u00f6bbletet is hordozhat.<\/p>\n<p>[\/et_pb_text][\/et_pb_column][\/et_pb_row][\/et_pb_section][et_pb_section admin_label=&#8221;section&#8221;][et_pb_row admin_label=&#8221;row&#8221;][et_pb_column type=&#8221;4_4&#8243;][et_pb_portfolio admin_label=&#8221;Portfolio&#8221; fullwidth=&#8221;off&#8221; include_categories=&#8221;8&#8243; show_title=&#8221;on&#8221; show_categories=&#8221;off&#8221; show_pagination=&#8221;on&#8221; background_layout=&#8221;light&#8221; hover_overlay_color=&#8221;rgba(255,255,255,0.9)&#8221; title_font_size=&#8221;18&#8243; caption_font_size=&#8221;14&#8243; use_border_color=&#8221;off&#8221; border_color=&#8221;#ffffff&#8221; border_style=&#8221;solid&#8221;]<\/p>\n<p>[\/et_pb_portfolio][\/et_pb_column][\/et_pb_row][\/et_pb_section]<\/p>\n","protected":false},"excerpt":{"rendered":"<p>[et_pb_section admin_label=&#8221;Section&#8221; fullwidth=&#8221;on&#8221; specialty=&#8221;off&#8221;][et_pb_fullwidth_header admin_label=&#8221;Fullwidth Header&#8221; title=&#8221;T\u00f6rt\u00e9netek&#8221; background_layout=&#8221;light&#8221; text_orientation=&#8221;left&#8221; header_fullscreen=&#8221;off&#8221; header_scroll_down=&#8221;off&#8221; background_color=&#8221;#a34992&#8243; parallax=&#8221;off&#8221; parallax_method=&#8221;off&#8221; content_orientation=&#8221;center&#8221; image_orientation=&#8221;center&#8221; custom_button_one=&#8221;off&#8221; button_one_text_size=&#8221;20&#8243; button_one_border_width=&#8221;2&#8243; button_one_border_radius=&#8221;3&#8243; button_one_letter_spacing=&#8221;0&#8243; button_one_use_icon=&#8221;default&#8221; button_one_icon_placement=&#8221;right&#8221; button_one_on_hover=&#8221;on&#8221; button_one_border_radius_hover=&#8221;3&#8243; button_one_letter_spacing_hover=&#8221;0&#8243; custom_button_two=&#8221;off&#8221; button_two_text_size=&#8221;20&#8243; button_two_border_width=&#8221;2&#8243; button_two_border_radius=&#8221;3&#8243; button_two_letter_spacing=&#8221;0&#8243; button_two_use_icon=&#8221;default&#8221; button_two_icon_placement=&#8221;right&#8221; button_two_on_hover=&#8221;on&#8221; button_two_border_radius_hover=&#8221;3&#8243; button_two_letter_spacing_hover=&#8221;0&#8243; title_font=&#8221;|on||on|&#8221; title_font_color=&#8221;#8b3087&#8243; title_font_size=&#8221;40px&#8221; logo_image_url=&#8221;http:\/\/idigstories.eu\/wp-content\/uploads\/2015\/12\/IDIG_LogoMagentaForma_Def-33&#215;48.png&#8221; module_id=&#8221;page_stories_header&#8221;] [\/et_pb_fullwidth_header][\/et_pb_section][et_pb_section admin_label=&#8221;Section&#8221; fullwidth=&#8221;off&#8221; specialty=&#8221;off&#8221;][et_pb_row admin_label=&#8221;Row&#8221;][et_pb_column type=&#8221;4_4&#8243;][et_pb_text admin_label=&#8221;Text&#8221; background_layout=&#8221;light&#8221; text_orientation=&#8221;left&#8221; text_font_size=&#8221;14&#8243; use_border_color=&#8221;off&#8221; border_color=&#8221;#ffffff&#8221; border_style=&#8221;solid&#8221;] A [&hellip;]<\/p>\n","protected":false},"author":1,"featured_media":0,"parent":0,"menu_order":0,"comment_status":"closed","ping_status":"closed","template":"","meta":{"_et_pb_use_builder":"on","_et_pb_old_content":"","_et_gb_content_width":""},"yoast_head":"<!-- This site is optimized with the Yoast SEO plugin v15.3 - https:\/\/yoast.com\/wordpress\/plugins\/seo\/ -->\n<title>Stories - idigstories<\/title>\n<meta name=\"robots\" content=\"index, follow, max-snippet:-1, max-image-preview:large, max-video-preview:-1\" \/>\n<link rel=\"canonical\" href=\"https:\/\/idigstories.eu\/hu\/stories\/\" \/>\n<meta property=\"og:locale\" content=\"hu_HU\" \/>\n<meta property=\"og:type\" content=\"article\" \/>\n<meta property=\"og:title\" content=\"Stories - idigstories\" \/>\n<meta property=\"og:description\" content=\"[et_pb_section admin_label=&#8221;Section&#8221; fullwidth=&#8221;on&#8221; specialty=&#8221;off&#8221;][et_pb_fullwidth_header admin_label=&#8221;Fullwidth Header&#8221; title=&#8221;T\u00f6rt\u00e9netek&#8221; background_layout=&#8221;light&#8221; text_orientation=&#8221;left&#8221; header_fullscreen=&#8221;off&#8221; header_scroll_down=&#8221;off&#8221; background_color=&#8221;#a34992&#8243; parallax=&#8221;off&#8221; parallax_method=&#8221;off&#8221; content_orientation=&#8221;center&#8221; image_orientation=&#8221;center&#8221; custom_button_one=&#8221;off&#8221; button_one_text_size=&#8221;20&#8243; button_one_border_width=&#8221;2&#8243; button_one_border_radius=&#8221;3&#8243; button_one_letter_spacing=&#8221;0&#8243; button_one_use_icon=&#8221;default&#8221; button_one_icon_placement=&#8221;right&#8221; button_one_on_hover=&#8221;on&#8221; button_one_border_radius_hover=&#8221;3&#8243; button_one_letter_spacing_hover=&#8221;0&#8243; custom_button_two=&#8221;off&#8221; button_two_text_size=&#8221;20&#8243; button_two_border_width=&#8221;2&#8243; button_two_border_radius=&#8221;3&#8243; button_two_letter_spacing=&#8221;0&#8243; button_two_use_icon=&#8221;default&#8221; button_two_icon_placement=&#8221;right&#8221; button_two_on_hover=&#8221;on&#8221; button_two_border_radius_hover=&#8221;3&#8243; button_two_letter_spacing_hover=&#8221;0&#8243; title_font=&#8221;|on||on|&#8221; title_font_color=&#8221;#8b3087&#8243; title_font_size=&#8221;40px&#8221; logo_image_url=&#8221;http:\/\/idigstories.eu\/wp-content\/uploads\/2015\/12\/IDIG_LogoMagentaForma_Def-33&#215;48.png&#8221; module_id=&#8221;page_stories_header&#8221;] [\/et_pb_fullwidth_header][\/et_pb_section][et_pb_section admin_label=&#8221;Section&#8221; fullwidth=&#8221;off&#8221; specialty=&#8221;off&#8221;][et_pb_row admin_label=&#8221;Row&#8221;][et_pb_column type=&#8221;4_4&#8243;][et_pb_text admin_label=&#8221;Text&#8221; background_layout=&#8221;light&#8221; text_orientation=&#8221;left&#8221; text_font_size=&#8221;14&#8243; use_border_color=&#8221;off&#8221; border_color=&#8221;#ffffff&#8221; border_style=&#8221;solid&#8221;] A [&hellip;]\" \/>\n<meta property=\"og:url\" content=\"https:\/\/idigstories.eu\/hu\/stories\/\" \/>\n<meta property=\"og:site_name\" content=\"idigstories\" \/>\n<meta property=\"article:modified_time\" content=\"2016-04-23T10:13:05+00:00\" \/>\n<meta name=\"twitter:card\" content=\"summary\" \/>\n<meta name=\"twitter:label1\" content=\"Szerz\u0151:\">\n\t<meta name=\"twitter:data1\" content=\"coma\">\n\t<meta name=\"twitter:label2\" content=\"Becs\u00fclt olvas\u00e1si id\u0151\">\n\t<meta name=\"twitter:data2\" content=\"2 perc\">\n<script type=\"application\/ld+json\" class=\"yoast-schema-graph\">{\"@context\":\"https:\/\/schema.org\",\"@graph\":[{\"@type\":\"WebSite\",\"@id\":\"http:\/\/idigstories.eu\/it\/#website\",\"url\":\"http:\/\/idigstories.eu\/it\/\",\"name\":\"idigstories\",\"description\":\"Stories Educational Learning Facilities\",\"potentialAction\":[{\"@type\":\"SearchAction\",\"target\":\"http:\/\/idigstories.eu\/it\/?s={search_term_string}\",\"query-input\":\"required name=search_term_string\"}],\"inLanguage\":\"hu\"},{\"@type\":\"WebPage\",\"@id\":\"https:\/\/idigstories.eu\/hu\/stories\/#webpage\",\"url\":\"https:\/\/idigstories.eu\/hu\/stories\/\",\"name\":\"Stories - idigstories\",\"isPartOf\":{\"@id\":\"http:\/\/idigstories.eu\/it\/#website\"},\"datePublished\":\"2016-04-23T10:12:32+00:00\",\"dateModified\":\"2016-04-23T10:13:05+00:00\",\"inLanguage\":\"hu\",\"potentialAction\":[{\"@type\":\"ReadAction\",\"target\":[\"https:\/\/idigstories.eu\/hu\/stories\/\"]}]}]}<\/script>\n<!-- \/ Yoast SEO plugin. -->","_links":{"self":[{"href":"https:\/\/idigstories.eu\/hu\/wp-json\/wp\/v2\/pages\/917"}],"collection":[{"href":"https:\/\/idigstories.eu\/hu\/wp-json\/wp\/v2\/pages"}],"about":[{"href":"https:\/\/idigstories.eu\/hu\/wp-json\/wp\/v2\/types\/page"}],"author":[{"embeddable":true,"href":"https:\/\/idigstories.eu\/hu\/wp-json\/wp\/v2\/users\/1"}],"replies":[{"embeddable":true,"href":"https:\/\/idigstories.eu\/hu\/wp-json\/wp\/v2\/comments?post=917"}],"version-history":[{"count":2,"href":"https:\/\/idigstories.eu\/hu\/wp-json\/wp\/v2\/pages\/917\/revisions"}],"predecessor-version":[{"id":987,"href":"https:\/\/idigstories.eu\/hu\/wp-json\/wp\/v2\/pages\/917\/revisions\/987"}],"wp:attachment":[{"href":"https:\/\/idigstories.eu\/hu\/wp-json\/wp\/v2\/media?parent=917"}],"curies":[{"name":"wp","href":"https:\/\/api.w.org\/{rel}","templated":true}]}}