{"id":897,"date":"2016-04-22T10:04:17","date_gmt":"2016-04-22T10:04:17","guid":{"rendered":"http:\/\/idigstories.eu\/hu\/?page_id=897"},"modified":"2016-04-23T11:25:41","modified_gmt":"2016-04-23T11:25:41","slug":"danmar","status":"publish","type":"page","link":"http:\/\/idigstories.eu\/hu\/danmar\/","title":{"rendered":"Danmar"},"content":{"rendered":"<p>[et_pb_section admin_label=&#8221;Section&#8221; fullwidth=&#8221;on&#8221; specialty=&#8221;off&#8221;][et_pb_fullwidth_header admin_label=&#8221;Fullwidth Header&#8221; title=&#8221;Danmar Computers LLC&#8221; background_layout=&#8221;light&#8221; text_orientation=&#8221;left&#8221; header_fullscreen=&#8221;off&#8221; header_scroll_down=&#8221;off&#8221; parallax=&#8221;off&#8221; parallax_method=&#8221;off&#8221; logo_image_url=&#8221;http:\/\/idigstories.eu\/wp-content\/uploads\/2015\/12\/DANMAR-logo.jpg&#8221; content_orientation=&#8221;center&#8221; image_orientation=&#8221;center&#8221; custom_button_one=&#8221;off&#8221; button_one_text_size=&#8221;20&#8243; button_one_border_width=&#8221;2&#8243; button_one_border_radius=&#8221;3&#8243; button_one_letter_spacing=&#8221;0&#8243; button_one_use_icon=&#8221;default&#8221; button_one_icon_placement=&#8221;right&#8221; button_one_on_hover=&#8221;on&#8221; button_one_border_radius_hover=&#8221;3&#8243; button_one_letter_spacing_hover=&#8221;0&#8243; custom_button_two=&#8221;off&#8221; button_two_text_size=&#8221;20&#8243; button_two_border_width=&#8221;2&#8243; button_two_border_radius=&#8221;3&#8243; button_two_letter_spacing=&#8221;0&#8243; button_two_use_icon=&#8221;default&#8221; button_two_icon_placement=&#8221;right&#8221; button_two_on_hover=&#8221;on&#8221; button_two_border_radius_hover=&#8221;3&#8243; button_two_letter_spacing_hover=&#8221;0&#8243; title_font=&#8221;|on||on|&#8221; title_font_color=&#8221;#092852&#8243; title_font_size=&#8221;40px&#8221;] [\/et_pb_fullwidth_header][\/et_pb_section][et_pb_section admin_label=&#8221;Section&#8221; fullwidth=&#8221;off&#8221; specialty=&#8221;off&#8221;][et_pb_row admin_label=&#8221;Row&#8221;][et_pb_column type=&#8221;4_4&#8243;][et_pb_text admin_label=&#8221;Text&#8221; background_layout=&#8221;light&#8221; text_orientation=&#8221;left&#8221; text_font_size=&#8221;14&#8243; use_border_color=&#8221;off&#8221; border_color=&#8221;#ffffff&#8221; border_style=&#8221;solid&#8221;]<\/p>\n<p>Danmar Computers LLC is a private company operating in the field of Information Technology and providing vocational training in this field. Danmar has an extensive experience in developing modern Web and mobile applications that are used for educational purposes.<\/p>\n<p>Danmar also has long-term experience of carrying out European projects within which company\u2019s R&amp;D staff conducts research and prepares trainings tailored to the needs of various learners. During 15 years, Danmar has successfully implemented over 50 projects within Grundtvig, Leonardo da Vinci, Progress and recently Erasmus+.<\/p>\n<p>In many of these projects Danmar was responsible for designing and coordinating dissemination strategies. Danmar Computers is the developer and provider of AdminProject (adminproject.eu), the on-line system for management of European projects. All activities of the company are based on wide and well-established cooperation network, both on national and international levels. The national networks include training and counselling institutions, universities, schools, non-governmental organisations as well as private sector companies. International network include partners of various profiles coming from every European Union\u2019s country.<\/p>\n<p>Danmar Computer\u2019s mission is the promotion of life-long education and assurance of equal access to education for everyone with the use of modern technology.<\/p>\n<p>[\/et_pb_text][\/et_pb_column][\/et_pb_row][\/et_pb_section][et_pb_section admin_label=&#8221;Section&#8221; fullwidth=&#8221;off&#8221; specialty=&#8221;off&#8221;][et_pb_row admin_label=&#8221;Row&#8221;][et_pb_column type=&#8221;4_4&#8243;][et_pb_team_member admin_label=&#8221;Person&#8221; name=&#8221;Danmar Computers LLC&#8221; animation=&#8221;off&#8221; background_layout=&#8221;light&#8221; facebook_url=&#8221;https:\/\/www.facebook.com\/Danmar-Computers-144597388897753\/&#8221; twitter_url=&#8221;https:\/\/twitter.com\/DanmarComputers&#8221; google_url=&#8221;https:\/\/plus.google.com\/111301049768021274904\/posts&#8221; linkedin_url=&#8221;https:\/\/www.linkedin.com\/company\/danmar-computers&#8221; header_font_size=&#8221;18&#8243; body_font_size=&#8221;14&#8243; use_border_color=&#8221;off&#8221; border_color=&#8221;#ffffff&#8221; border_style=&#8221;solid&#8221; saved_tabs=&#8221;all&#8221; global_module=&#8221;475&#8243;]<\/p>\n<p>ul. Hoffmanowej 19<br \/>\n35-016 Rzesz\u00f3w<br \/>\nPoland<br \/>\ne-mail: danmar@danmar-computers.com.pl<br \/>\nWeb:\u00a0www.danmar-computers.com.pl<\/p>\n<p>[\/et_pb_team_member][\/et_pb_column][\/et_pb_row][\/et_pb_section]<\/p>\n","protected":false},"excerpt":{"rendered":"<p>[et_pb_section admin_label=&#8221;Section&#8221; fullwidth=&#8221;on&#8221; specialty=&#8221;off&#8221;][et_pb_fullwidth_header admin_label=&#8221;Fullwidth Header&#8221; title=&#8221;Danmar Computers LLC&#8221; background_layout=&#8221;light&#8221; text_orientation=&#8221;left&#8221; header_fullscreen=&#8221;off&#8221; header_scroll_down=&#8221;off&#8221; parallax=&#8221;off&#8221; parallax_method=&#8221;off&#8221; logo_image_url=&#8221;http:\/\/idigstories.eu\/wp-content\/uploads\/2015\/12\/DANMAR-logo.jpg&#8221; content_orientation=&#8221;center&#8221; image_orientation=&#8221;center&#8221; custom_button_one=&#8221;off&#8221; button_one_text_size=&#8221;20&#8243; button_one_border_width=&#8221;2&#8243; button_one_border_radius=&#8221;3&#8243; button_one_letter_spacing=&#8221;0&#8243; button_one_use_icon=&#8221;default&#8221; button_one_icon_placement=&#8221;right&#8221; button_one_on_hover=&#8221;on&#8221; button_one_border_radius_hover=&#8221;3&#8243; button_one_letter_spacing_hover=&#8221;0&#8243; custom_button_two=&#8221;off&#8221; button_two_text_size=&#8221;20&#8243; button_two_border_width=&#8221;2&#8243; button_two_border_radius=&#8221;3&#8243; button_two_letter_spacing=&#8221;0&#8243; button_two_use_icon=&#8221;default&#8221; button_two_icon_placement=&#8221;right&#8221; button_two_on_hover=&#8221;on&#8221; button_two_border_radius_hover=&#8221;3&#8243; button_two_letter_spacing_hover=&#8221;0&#8243; title_font=&#8221;|on||on|&#8221; title_font_color=&#8221;#092852&#8243; title_font_size=&#8221;40px&#8221;] [\/et_pb_fullwidth_header][\/et_pb_section][et_pb_section admin_label=&#8221;Section&#8221; fullwidth=&#8221;off&#8221; specialty=&#8221;off&#8221;][et_pb_row admin_label=&#8221;Row&#8221;][et_pb_column type=&#8221;4_4&#8243;][et_pb_text admin_label=&#8221;Text&#8221; background_layout=&#8221;light&#8221; text_orientation=&#8221;left&#8221; text_font_size=&#8221;14&#8243; use_border_color=&#8221;off&#8221; border_color=&#8221;#ffffff&#8221; border_style=&#8221;solid&#8221;] Danmar [&hellip;]<\/p>\n","protected":false},"author":1,"featured_media":0,"parent":0,"menu_order":0,"comment_status":"closed","ping_status":"closed","template":"","meta":{"_et_pb_use_builder":"on","_et_pb_old_content":"","_et_gb_content_width":""},"yoast_head":"<!-- This site is optimized with the Yoast SEO plugin v15.3 - https:\/\/yoast.com\/wordpress\/plugins\/seo\/ -->\n<title>Danmar - idigstories<\/title>\n<meta name=\"robots\" content=\"index, follow, max-snippet:-1, max-image-preview:large, max-video-preview:-1\" \/>\n<link rel=\"canonical\" href=\"http:\/\/idigstories.eu\/hu\/danmar\/\" \/>\n<meta property=\"og:locale\" content=\"hu_HU\" \/>\n<meta property=\"og:type\" content=\"article\" \/>\n<meta property=\"og:title\" content=\"Danmar - idigstories\" \/>\n<meta property=\"og:description\" content=\"[et_pb_section admin_label=&#8221;Section&#8221; fullwidth=&#8221;on&#8221; specialty=&#8221;off&#8221;][et_pb_fullwidth_header admin_label=&#8221;Fullwidth Header&#8221; title=&#8221;Danmar Computers LLC&#8221; background_layout=&#8221;light&#8221; text_orientation=&#8221;left&#8221; header_fullscreen=&#8221;off&#8221; header_scroll_down=&#8221;off&#8221; parallax=&#8221;off&#8221; parallax_method=&#8221;off&#8221; logo_image_url=&#8221;http:\/\/idigstories.eu\/wp-content\/uploads\/2015\/12\/DANMAR-logo.jpg&#8221; content_orientation=&#8221;center&#8221; image_orientation=&#8221;center&#8221; custom_button_one=&#8221;off&#8221; button_one_text_size=&#8221;20&#8243; button_one_border_width=&#8221;2&#8243; button_one_border_radius=&#8221;3&#8243; button_one_letter_spacing=&#8221;0&#8243; button_one_use_icon=&#8221;default&#8221; button_one_icon_placement=&#8221;right&#8221; button_one_on_hover=&#8221;on&#8221; button_one_border_radius_hover=&#8221;3&#8243; button_one_letter_spacing_hover=&#8221;0&#8243; custom_button_two=&#8221;off&#8221; button_two_text_size=&#8221;20&#8243; button_two_border_width=&#8221;2&#8243; button_two_border_radius=&#8221;3&#8243; button_two_letter_spacing=&#8221;0&#8243; button_two_use_icon=&#8221;default&#8221; button_two_icon_placement=&#8221;right&#8221; button_two_on_hover=&#8221;on&#8221; button_two_border_radius_hover=&#8221;3&#8243; button_two_letter_spacing_hover=&#8221;0&#8243; title_font=&#8221;|on||on|&#8221; title_font_color=&#8221;#092852&#8243; title_font_size=&#8221;40px&#8221;] [\/et_pb_fullwidth_header][\/et_pb_section][et_pb_section admin_label=&#8221;Section&#8221; fullwidth=&#8221;off&#8221; specialty=&#8221;off&#8221;][et_pb_row admin_label=&#8221;Row&#8221;][et_pb_column type=&#8221;4_4&#8243;][et_pb_text admin_label=&#8221;Text&#8221; background_layout=&#8221;light&#8221; text_orientation=&#8221;left&#8221; text_font_size=&#8221;14&#8243; use_border_color=&#8221;off&#8221; border_color=&#8221;#ffffff&#8221; border_style=&#8221;solid&#8221;] Danmar [&hellip;]\" \/>\n<meta property=\"og:url\" content=\"http:\/\/idigstories.eu\/hu\/danmar\/\" \/>\n<meta property=\"og:site_name\" content=\"idigstories\" \/>\n<meta property=\"article:modified_time\" content=\"2016-04-23T11:25:41+00:00\" \/>\n<meta name=\"twitter:card\" content=\"summary\" \/>\n<meta name=\"twitter:label1\" content=\"Szerz\u0151:\">\n\t<meta name=\"twitter:data1\" content=\"coma\">\n\t<meta name=\"twitter:label2\" content=\"Becs\u00fclt olvas\u00e1si id\u0151\">\n\t<meta name=\"twitter:data2\" content=\"2 perc\">\n<script type=\"application\/ld+json\" class=\"yoast-schema-graph\">{\"@context\":\"https:\/\/schema.org\",\"@graph\":[{\"@type\":\"WebSite\",\"@id\":\"http:\/\/idigstories.eu\/it\/#website\",\"url\":\"http:\/\/idigstories.eu\/it\/\",\"name\":\"idigstories\",\"description\":\"Stories Educational Learning Facilities\",\"potentialAction\":[{\"@type\":\"SearchAction\",\"target\":\"http:\/\/idigstories.eu\/it\/?s={search_term_string}\",\"query-input\":\"required name=search_term_string\"}],\"inLanguage\":\"hu\"},{\"@type\":\"WebPage\",\"@id\":\"http:\/\/idigstories.eu\/hu\/danmar\/#webpage\",\"url\":\"http:\/\/idigstories.eu\/hu\/danmar\/\",\"name\":\"Danmar - idigstories\",\"isPartOf\":{\"@id\":\"http:\/\/idigstories.eu\/it\/#website\"},\"datePublished\":\"2016-04-22T10:04:17+00:00\",\"dateModified\":\"2016-04-23T11:25:41+00:00\",\"inLanguage\":\"hu\",\"potentialAction\":[{\"@type\":\"ReadAction\",\"target\":[\"http:\/\/idigstories.eu\/hu\/danmar\/\"]}]}]}<\/script>\n<!-- \/ Yoast SEO plugin. -->","_links":{"self":[{"href":"http:\/\/idigstories.eu\/hu\/wp-json\/wp\/v2\/pages\/897"}],"collection":[{"href":"http:\/\/idigstories.eu\/hu\/wp-json\/wp\/v2\/pages"}],"about":[{"href":"http:\/\/idigstories.eu\/hu\/wp-json\/wp\/v2\/types\/page"}],"author":[{"embeddable":true,"href":"http:\/\/idigstories.eu\/hu\/wp-json\/wp\/v2\/users\/1"}],"replies":[{"embeddable":true,"href":"http:\/\/idigstories.eu\/hu\/wp-json\/wp\/v2\/comments?post=897"}],"version-history":[{"count":1,"href":"http:\/\/idigstories.eu\/hu\/wp-json\/wp\/v2\/pages\/897\/revisions"}],"predecessor-version":[{"id":1061,"href":"http:\/\/idigstories.eu\/hu\/wp-json\/wp\/v2\/pages\/897\/revisions\/1061"}],"wp:attachment":[{"href":"http:\/\/idigstories.eu\/hu\/wp-json\/wp\/v2\/media?parent=897"}],"curies":[{"name":"wp","href":"https:\/\/api.w.org\/{rel}","templated":true}]}}